{"id":593,"date":"2018-11-26T12:46:44","date_gmt":"2018-11-26T12:46:44","guid":{"rendered":"https:\/\/www.rentimi.pl\/index.php\/projects\/"},"modified":"2023-08-25T16:01:39","modified_gmt":"2023-08-25T16:01:39","slug":"lokalizacje","status":"publish","type":"page","link":"https:\/\/www.rentimi.pl\/index.php\/lokalizacje\/","title":{"rendered":"Lokalizacje"},"content":{"rendered":"\t\t<div data-elementor-type=\"wp-post\" data-elementor-id=\"593\" class=\"elementor elementor-593\">\n\t\t\t\t\t\t<section class=\"elementor-section elementor-top-section elementor-element elementor-element-7d0b1fd elementor-section-content-middle elementor-section-boxed elementor-section-height-default elementor-section-height-default\" data-id=\"7d0b1fd\" data-element_type=\"section\" data-settings=\"{&quot;background_background&quot;:&quot;classic&quot;}\">\n\t\t\t\t\t\t\t<div class=\"elementor-background-overlay\"><\/div>\n\t\t\t\t\t\t\t<div class=\"elementor-container elementor-column-gap-no\">\n\t\t\t\t\t<div class=\"elementor-column elementor-col-100 elementor-top-column elementor-element elementor-element-2365ee4d\" data-id=\"2365ee4d\" data-element_type=\"column\">\n\t\t\t<div class=\"elementor-widget-wrap elementor-element-populated\">\n\t\t\t\t\t\t<div class=\"elementor-element elementor-element-3e363d46 elementor-widget elementor-widget-heading\" data-id=\"3e363d46\" data-element_type=\"widget\" data-widget_type=\"heading.default\">\n\t\t\t\t<div class=\"elementor-widget-container\">\n\t\t\t<h2 class=\"elementor-heading-title elementor-size-default\">Jeste\u015bmy elastyczni.<br>Dostosowani do Twoich potrzeb.<\/h2>\t\t<\/div>\n\t\t\t\t<\/div>\n\t\t\t\t\t<\/div>\n\t\t<\/div>\n\t\t\t\t\t<\/div>\n\t\t<\/section>\n\t\t\t\t<section class=\"elementor-section elementor-top-section elementor-element elementor-element-695b2b0f elementor-section-content-top elementor-section-boxed elementor-section-height-default elementor-section-height-default\" data-id=\"695b2b0f\" data-element_type=\"section\" data-settings=\"{&quot;background_background&quot;:&quot;classic&quot;}\">\n\t\t\t\t\t\t<div class=\"elementor-container elementor-column-gap-no\">\n\t\t\t\t\t<div class=\"elementor-column elementor-col-50 elementor-top-column elementor-element elementor-element-43d414b9\" data-id=\"43d414b9\" data-element_type=\"column\">\n\t\t\t<div class=\"elementor-widget-wrap elementor-element-populated\">\n\t\t\t\t\t\t<div class=\"elementor-element elementor-element-2999a38a elementor-widget elementor-widget-image\" data-id=\"2999a38a\" data-element_type=\"widget\" data-widget_type=\"image.default\">\n\t\t\t\t<div class=\"elementor-widget-container\">\n\t\t\t\t\t\t\t\t\t\t\t\t\t<img fetchpriority=\"high\" decoding=\"async\" width=\"1920\" height=\"1280\" src=\"https:\/\/www.rentimi.pl\/wp-content\/uploads\/2022\/05\/swans-gd0716e674_1920.jpg\" class=\"attachment-full size-full wp-image-517\" alt=\"\" srcset=\"https:\/\/www.rentimi.pl\/wp-content\/uploads\/2022\/05\/swans-gd0716e674_1920.jpg 1920w, https:\/\/www.rentimi.pl\/wp-content\/uploads\/2022\/05\/swans-gd0716e674_1920-1536x1024.jpg 1536w\" sizes=\"(max-width: 1920px) 100vw, 1920px\" \/>\t\t\t\t\t\t\t\t\t\t\t\t\t<\/div>\n\t\t\t\t<\/div>\n\t\t\t\t<div class=\"elementor-element elementor-element-65a46ba6 elementor-widget elementor-widget-heading\" data-id=\"65a46ba6\" data-element_type=\"widget\" data-widget_type=\"heading.default\">\n\t\t\t\t<div class=\"elementor-widget-container\">\n\t\t\t<h4 class=\"elementor-heading-title elementor-size-default\">Krynica Zdr\u00f3j, Muszyna i okolice<\/h4>\t\t<\/div>\n\t\t\t\t<\/div>\n\t\t\t\t<div class=\"elementor-element elementor-element-2922c6da elementor-widget elementor-widget-text-editor\" data-id=\"2922c6da\" data-element_type=\"widget\" data-widget_type=\"text-editor.default\">\n\t\t\t\t<div class=\"elementor-widget-container\">\n\t\t\t\t\t\t\t<p>Us\u0142ugi zarz\u0105dzania \u015bwiadczymy dla apartament\u00f3w, dom\u00f3w i innych lokali w Krynicy Zdroju, Muszynie i okolicznych miejscowo\u015bciach.<\/p>\t\t\t\t\t\t<\/div>\n\t\t\t\t<\/div>\n\t\t\t\t\t<\/div>\n\t\t<\/div>\n\t\t\t\t<div class=\"elementor-column elementor-col-50 elementor-top-column elementor-element elementor-element-479f1207\" data-id=\"479f1207\" data-element_type=\"column\">\n\t\t\t<div class=\"elementor-widget-wrap elementor-element-populated\">\n\t\t\t\t\t\t<div class=\"elementor-element elementor-element-1c138690 elementor-widget elementor-widget-image\" data-id=\"1c138690\" data-element_type=\"widget\" data-widget_type=\"image.default\">\n\t\t\t\t<div class=\"elementor-widget-container\">\n\t\t\t\t\t\t\t\t\t\t\t\t\t<img decoding=\"async\" width=\"1920\" height=\"1280\" src=\"https:\/\/www.rentimi.pl\/wp-content\/uploads\/2022\/05\/church-gb323affe4_1920.jpg\" class=\"attachment-full size-full wp-image-650\" alt=\"\" srcset=\"https:\/\/www.rentimi.pl\/wp-content\/uploads\/2022\/05\/church-gb323affe4_1920.jpg 1920w, https:\/\/www.rentimi.pl\/wp-content\/uploads\/2022\/05\/church-gb323affe4_1920-1536x1024.jpg 1536w\" sizes=\"(max-width: 1920px) 100vw, 1920px\" \/>\t\t\t\t\t\t\t\t\t\t\t\t\t<\/div>\n\t\t\t\t<\/div>\n\t\t\t\t<div class=\"elementor-element elementor-element-659e6e22 elementor-widget elementor-widget-heading\" data-id=\"659e6e22\" data-element_type=\"widget\" data-widget_type=\"heading.default\">\n\t\t\t\t<div class=\"elementor-widget-container\">\n\t\t\t<h4 class=\"elementor-heading-title elementor-size-default\">Krak\u00f3w\n<\/h4>\t\t<\/div>\n\t\t\t\t<\/div>\n\t\t\t\t<div class=\"elementor-element elementor-element-61fbbb60 elementor-widget elementor-widget-text-editor\" data-id=\"61fbbb60\" data-element_type=\"widget\" data-widget_type=\"text-editor.default\">\n\t\t\t\t<div class=\"elementor-widget-container\">\n\t\t\t\t\t\t\t<p>Obs\u0142ugujemy lokale na terenie Krakowa i powiatu Krakowskiego.<\/p>\t\t\t\t\t\t<\/div>\n\t\t\t\t<\/div>\n\t\t\t\t\t<\/div>\n\t\t<\/div>\n\t\t\t\t\t<\/div>\n\t\t<\/section>\n\t\t\t\t<section class=\"elementor-section elementor-top-section elementor-element elementor-element-5765c148 elementor-section-content-top elementor-section-boxed elementor-section-height-default elementor-section-height-default\" data-id=\"5765c148\" data-element_type=\"section\" data-settings=\"{&quot;background_background&quot;:&quot;classic&quot;}\">\n\t\t\t\t\t\t<div class=\"elementor-container elementor-column-gap-no\">\n\t\t\t\t\t<div class=\"elementor-column elementor-col-50 elementor-top-column elementor-element elementor-element-52d4d70b\" data-id=\"52d4d70b\" data-element_type=\"column\">\n\t\t\t<div class=\"elementor-widget-wrap elementor-element-populated\">\n\t\t\t\t\t\t<div class=\"elementor-element elementor-element-6a4ef52a elementor-widget elementor-widget-image\" data-id=\"6a4ef52a\" data-element_type=\"widget\" data-widget_type=\"image.default\">\n\t\t\t\t<div class=\"elementor-widget-container\">\n\t\t\t\t\t\t\t\t\t\t\t\t\t<img decoding=\"async\" width=\"2560\" height=\"1707\" src=\"https:\/\/www.rentimi.pl\/wp-content\/uploads\/2022\/05\/pexels-alex-blokstra-1311445-scaled.jpg\" class=\"attachment-full size-full wp-image-764\" alt=\"\" srcset=\"https:\/\/www.rentimi.pl\/wp-content\/uploads\/2022\/05\/pexels-alex-blokstra-1311445-scaled.jpg 2560w, https:\/\/www.rentimi.pl\/wp-content\/uploads\/2022\/05\/pexels-alex-blokstra-1311445-1536x1024.jpg 1536w, https:\/\/www.rentimi.pl\/wp-content\/uploads\/2022\/05\/pexels-alex-blokstra-1311445-2048x1365.jpg 2048w\" sizes=\"(max-width: 2560px) 100vw, 2560px\" \/>\t\t\t\t\t\t\t\t\t\t\t\t\t<\/div>\n\t\t\t\t<\/div>\n\t\t\t\t<div class=\"elementor-element elementor-element-7fb3834f elementor-widget elementor-widget-heading\" data-id=\"7fb3834f\" data-element_type=\"widget\" data-widget_type=\"heading.default\">\n\t\t\t\t<div class=\"elementor-widget-container\">\n\t\t\t<h4 class=\"elementor-heading-title elementor-size-default\">Zakopane i okolice<\/h4>\t\t<\/div>\n\t\t\t\t<\/div>\n\t\t\t\t<div class=\"elementor-element elementor-element-cf4ffec elementor-widget elementor-widget-text-editor\" data-id=\"cf4ffec\" data-element_type=\"widget\" data-widget_type=\"text-editor.default\">\n\t\t\t\t<div class=\"elementor-widget-container\">\n\t\t\t\t\t\t\t<p>\u015awiadczymy swoje us\u0142ugi tak\u017ce na terenie Zakopanego i okolic<\/p>\t\t\t\t\t\t<\/div>\n\t\t\t\t<\/div>\n\t\t\t\t\t<\/div>\n\t\t<\/div>\n\t\t\t\t<div class=\"elementor-column elementor-col-50 elementor-top-column elementor-element elementor-element-508673ec\" data-id=\"508673ec\" data-element_type=\"column\">\n\t\t\t<div class=\"elementor-widget-wrap elementor-element-populated\">\n\t\t\t\t\t\t<div class=\"elementor-element elementor-element-5a9c6e27 elementor-widget elementor-widget-image\" data-id=\"5a9c6e27\" data-element_type=\"widget\" data-widget_type=\"image.default\">\n\t\t\t\t<div class=\"elementor-widget-container\">\n\t\t\t\t\t\t\t\t\t\t\t\t\t<img loading=\"lazy\" decoding=\"async\" width=\"1920\" height=\"1278\" src=\"https:\/\/www.rentimi.pl\/wp-content\/uploads\/2022\/05\/poland-g90a88f989_1920.jpg\" class=\"attachment-full size-full wp-image-655\" alt=\"\" srcset=\"https:\/\/www.rentimi.pl\/wp-content\/uploads\/2022\/05\/poland-g90a88f989_1920.jpg 1920w, https:\/\/www.rentimi.pl\/wp-content\/uploads\/2022\/05\/poland-g90a88f989_1920-1536x1022.jpg 1536w\" sizes=\"(max-width: 1920px) 100vw, 1920px\" \/>\t\t\t\t\t\t\t\t\t\t\t\t\t<\/div>\n\t\t\t\t<\/div>\n\t\t\t\t<div class=\"elementor-element elementor-element-5feb3576 elementor-widget elementor-widget-heading\" data-id=\"5feb3576\" data-element_type=\"widget\" data-widget_type=\"heading.default\">\n\t\t\t\t<div class=\"elementor-widget-container\">\n\t\t\t<h4 class=\"elementor-heading-title elementor-size-default\">Dzia\u0142amy na terenie ca\u0142ej ma\u0142opolski<\/h4>\t\t<\/div>\n\t\t\t\t<\/div>\n\t\t\t\t<div class=\"elementor-element elementor-element-3d74166f elementor-widget elementor-widget-text-editor\" data-id=\"3d74166f\" data-element_type=\"widget\" data-widget_type=\"text-editor.default\">\n\t\t\t\t<div class=\"elementor-widget-container\">\n\t\t\t\t\t\t\t<p>Posiadasz lokal lub dom w innej miejscowo\u015bci? Skontaktuj si\u0119 z nami, postaramy si\u0119 znale\u017a\u0107 rozwi\u0105zanie dostosowane do Twoich potrzeb.<\/p>\t\t\t\t\t\t<\/div>\n\t\t\t\t<\/div>\n\t\t\t\t\t<\/div>\n\t\t<\/div>\n\t\t\t\t\t<\/div>\n\t\t<\/section>\n\t\t\t\t<section class=\"elementor-section elementor-top-section elementor-element elementor-element-424aa8f8 elementor-section-boxed elementor-section-height-default elementor-section-height-default\" data-id=\"424aa8f8\" data-element_type=\"section\" data-settings=\"{&quot;background_background&quot;:&quot;classic&quot;}\">\n\t\t\t\t\t\t<div class=\"elementor-container elementor-column-gap-default\">\n\t\t\t\t\t<div class=\"elementor-column elementor-col-25 elementor-top-column elementor-element elementor-element-47dc678\" data-id=\"47dc678\" data-element_type=\"column\">\n\t\t\t<div class=\"elementor-widget-wrap\">\n\t\t\t\t\t\t\t<\/div>\n\t\t<\/div>\n\t\t\t\t<div class=\"elementor-column elementor-col-25 elementor-top-column elementor-element elementor-element-404eac3f\" data-id=\"404eac3f\" data-element_type=\"column\">\n\t\t\t<div class=\"elementor-widget-wrap elementor-element-populated\">\n\t\t\t\t\t\t<div class=\"elementor-element elementor-element-34975a22 elementor-widget elementor-widget-heading\" data-id=\"34975a22\" data-element_type=\"widget\" data-widget_type=\"heading.default\">\n\t\t\t\t<div class=\"elementor-widget-container\">\n\t\t\t<h3 class=\"elementor-heading-title elementor-size-default\">Nie czekaj! Skontaktuj si\u0119 z nami i zacznij zarabia\u0107 wi\u0119cej.<\/h3>\t\t<\/div>\n\t\t\t\t<\/div>\n\t\t\t\t\t<\/div>\n\t\t<\/div>\n\t\t\t\t<div class=\"elementor-column elementor-col-25 elementor-top-column elementor-element elementor-element-70e92261\" data-id=\"70e92261\" data-element_type=\"column\">\n\t\t\t<div class=\"elementor-widget-wrap elementor-element-populated\">\n\t\t\t\t\t\t<div class=\"elementor-element elementor-element-78818cc6 elementor-align-center elementor-widget elementor-widget-button\" data-id=\"78818cc6\" data-element_type=\"widget\" data-widget_type=\"button.default\">\n\t\t\t\t<div class=\"elementor-widget-container\">\n\t\t\t\t\t<div class=\"elementor-button-wrapper\">\n\t\t\t<a class=\"elementor-button elementor-button-link elementor-size-sm\" href=\"https:\/\/www.rentimi.pl\/index.php\/contact\/\">\n\t\t\t\t\t\t<span class=\"elementor-button-content-wrapper\">\n\t\t\t\t\t\t\t\t\t<span class=\"elementor-button-text\">Kontakt<\/span>\n\t\t\t\t\t<\/span>\n\t\t\t\t\t<\/a>\n\t\t<\/div>\n\t\t\t\t<\/div>\n\t\t\t\t<\/div>\n\t\t\t\t\t<\/div>\n\t\t<\/div>\n\t\t\t\t<div class=\"elementor-column elementor-col-25 elementor-top-column elementor-element elementor-element-32df6e90\" data-id=\"32df6e90\" data-element_type=\"column\">\n\t\t\t<div class=\"elementor-widget-wrap\">\n\t\t\t\t\t\t\t<\/div>\n\t\t<\/div>\n\t\t\t\t\t<\/div>\n\t\t<\/section>\n\t\t\t\t<\/div>\n\t\t","protected":false},"excerpt":{"rendered":"<p>Jeste\u015bmy elastyczni. Dostosowani do Twoich potrzeb. Krynica Zdr\u00f3j, Muszyna i okolice Us\u0142ugi zarz\u0105dzania \u015bwiadczymy dla apartament\u00f3w, dom\u00f3w i innych lokali w Krynicy Zdroju, Muszynie i okolicznych miejscowo\u015bciach. Krak\u00f3w Obs\u0142ugujemy lokale na terenie Krakowa i powiatu Krakowskiego. Zakopane i okolice \u015awiadczymy swoje us\u0142ugi tak\u017ce na terenie Zakopanego i okolic Dzia\u0142amy na terenie ca\u0142ej ma\u0142opolski Posiadasz lokal &hellip;<\/p>\n<p class=\"read-more\"> <a class=\"\" href=\"https:\/\/www.rentimi.pl\/index.php\/lokalizacje\/\"> <span class=\"screen-reader-text\">Lokalizacje<\/span> Read More &raquo;<\/a><\/p>\n","protected":false},"author":1,"featured_media":0,"parent":0,"menu_order":0,"comment_status":"closed","ping_status":"closed","template":"","meta":{"site-sidebar-layout":"no-sidebar","site-content-layout":"page-builder","ast-global-header-display":"","ast-main-header-display":"","ast-hfb-above-header-display":"","ast-hfb-below-header-display":"","ast-hfb-mobile-header-display":"","site-post-title":"disabled","ast-breadcrumbs-content":"","ast-featured-img":"disabled","footer-sml-layout":"","theme-transparent-header-meta":"enabled","adv-header-id-meta":"","stick-header-meta":"","header-above-stick-meta":"","header-main-stick-meta":"","header-below-stick-meta":"","footnotes":""},"class_list":["post-593","page","type-page","status-publish","hentry"],"yoast_head":"<!-- This site is optimized with the Yoast SEO plugin v23.4 - https:\/\/yoast.com\/wordpress\/plugins\/seo\/ -->\n<title>Lokalizacje - Rentimi.pl<\/title>\n<meta name=\"robots\" content=\"index, follow, max-snippet:-1, max-image-preview:large, max-video-preview:-1\" \/>\n<link rel=\"canonical\" href=\"https:\/\/www.rentimi.pl\/index.php\/lokalizacje\/\" \/>\n<meta property=\"og:locale\" content=\"pl_PL\" \/>\n<meta property=\"og:type\" content=\"article\" \/>\n<meta property=\"og:title\" content=\"Lokalizacje - Rentimi.pl\" \/>\n<meta property=\"og:description\" content=\"Jeste\u015bmy elastyczni. Dostosowani do Twoich potrzeb. Krynica Zdr\u00f3j, Muszyna i okolice Us\u0142ugi zarz\u0105dzania \u015bwiadczymy dla apartament\u00f3w, dom\u00f3w i innych lokali w Krynicy Zdroju, Muszynie i okolicznych miejscowo\u015bciach. Krak\u00f3w Obs\u0142ugujemy lokale na terenie Krakowa i powiatu Krakowskiego. Zakopane i okolice \u015awiadczymy swoje us\u0142ugi tak\u017ce na terenie Zakopanego i okolic Dzia\u0142amy na terenie ca\u0142ej ma\u0142opolski Posiadasz lokal &hellip; Lokalizacje Read More &raquo;\" \/>\n<meta property=\"og:url\" content=\"https:\/\/www.rentimi.pl\/index.php\/lokalizacje\/\" \/>\n<meta property=\"og:site_name\" content=\"Rentimi.pl\" \/>\n<meta property=\"article:modified_time\" content=\"2023-08-25T16:01:39+00:00\" \/>\n<meta property=\"og:image\" content=\"http:\/\/www.rentimi.pl\/wp-content\/uploads\/2022\/05\/swans-gd0716e674_1920.jpg\" \/>\n<meta name=\"twitter:card\" content=\"summary_large_image\" \/>\n<meta name=\"twitter:label1\" content=\"Szacowany czas czytania\" \/>\n\t<meta name=\"twitter:data1\" content=\"2 minuty\" \/>\n<script type=\"application\/ld+json\" class=\"yoast-schema-graph\">{\"@context\":\"https:\/\/schema.org\",\"@graph\":[{\"@type\":\"WebPage\",\"@id\":\"https:\/\/www.rentimi.pl\/index.php\/lokalizacje\/\",\"url\":\"https:\/\/www.rentimi.pl\/index.php\/lokalizacje\/\",\"name\":\"Lokalizacje - Rentimi.pl\",\"isPartOf\":{\"@id\":\"https:\/\/www.rentimi.pl\/#website\"},\"primaryImageOfPage\":{\"@id\":\"https:\/\/www.rentimi.pl\/index.php\/lokalizacje\/#primaryimage\"},\"image\":{\"@id\":\"https:\/\/www.rentimi.pl\/index.php\/lokalizacje\/#primaryimage\"},\"thumbnailUrl\":\"http:\/\/www.rentimi.pl\/wp-content\/uploads\/2022\/05\/swans-gd0716e674_1920.jpg\",\"datePublished\":\"2018-11-26T12:46:44+00:00\",\"dateModified\":\"2023-08-25T16:01:39+00:00\",\"breadcrumb\":{\"@id\":\"https:\/\/www.rentimi.pl\/index.php\/lokalizacje\/#breadcrumb\"},\"inLanguage\":\"pl-PL\",\"potentialAction\":[{\"@type\":\"ReadAction\",\"target\":[\"https:\/\/www.rentimi.pl\/index.php\/lokalizacje\/\"]}]},{\"@type\":\"ImageObject\",\"inLanguage\":\"pl-PL\",\"@id\":\"https:\/\/www.rentimi.pl\/index.php\/lokalizacje\/#primaryimage\",\"url\":\"http:\/\/www.rentimi.pl\/wp-content\/uploads\/2022\/05\/swans-gd0716e674_1920.jpg\",\"contentUrl\":\"http:\/\/www.rentimi.pl\/wp-content\/uploads\/2022\/05\/swans-gd0716e674_1920.jpg\"},{\"@type\":\"BreadcrumbList\",\"@id\":\"https:\/\/www.rentimi.pl\/index.php\/lokalizacje\/#breadcrumb\",\"itemListElement\":[{\"@type\":\"ListItem\",\"position\":1,\"name\":\"Strona g\u0142\u00f3wna\",\"item\":\"https:\/\/www.rentimi.pl\/\"},{\"@type\":\"ListItem\",\"position\":2,\"name\":\"Lokalizacje\"}]},{\"@type\":\"WebSite\",\"@id\":\"https:\/\/www.rentimi.pl\/#website\",\"url\":\"https:\/\/www.rentimi.pl\/\",\"name\":\"Rentimi.pl\",\"description\":\"Profesjonalne zarz\u0105dzanie apartamentami na wynajem. Zarz\u0105dzanie najmem. Sprz\u0105tanie. Obs\u0142uga cen. Krynica zdr&oacute;j, Zakopane, Krak&oacute;w, Ma\u0142opolska.\",\"publisher\":{\"@id\":\"https:\/\/www.rentimi.pl\/#organization\"},\"potentialAction\":[{\"@type\":\"SearchAction\",\"target\":{\"@type\":\"EntryPoint\",\"urlTemplate\":\"https:\/\/www.rentimi.pl\/?s={search_term_string}\"},\"query-input\":{\"@type\":\"PropertyValueSpecification\",\"valueRequired\":true,\"valueName\":\"search_term_string\"}}],\"inLanguage\":\"pl-PL\"},{\"@type\":\"Organization\",\"@id\":\"https:\/\/www.rentimi.pl\/#organization\",\"name\":\"Rentimi.pl\",\"url\":\"https:\/\/www.rentimi.pl\/\",\"logo\":{\"@type\":\"ImageObject\",\"inLanguage\":\"pl-PL\",\"@id\":\"https:\/\/www.rentimi.pl\/#\/schema\/logo\/image\/\",\"url\":\"https:\/\/www.rentimi.pl\/wp-content\/uploads\/2022\/05\/RENTIMI-12.png\",\"contentUrl\":\"https:\/\/www.rentimi.pl\/wp-content\/uploads\/2022\/05\/RENTIMI-12.png\",\"width\":500,\"height\":500,\"caption\":\"Rentimi.pl\"},\"image\":{\"@id\":\"https:\/\/www.rentimi.pl\/#\/schema\/logo\/image\/\"}}]}<\/script>\n<!-- \/ Yoast SEO plugin. -->","yoast_head_json":{"title":"Lokalizacje - Rentimi.pl","robots":{"index":"index","follow":"follow","max-snippet":"max-snippet:-1","max-image-preview":"max-image-preview:large","max-video-preview":"max-video-preview:-1"},"canonical":"https:\/\/www.rentimi.pl\/index.php\/lokalizacje\/","og_locale":"pl_PL","og_type":"article","og_title":"Lokalizacje - Rentimi.pl","og_description":"Jeste\u015bmy elastyczni. Dostosowani do Twoich potrzeb. Krynica Zdr\u00f3j, Muszyna i okolice Us\u0142ugi zarz\u0105dzania \u015bwiadczymy dla apartament\u00f3w, dom\u00f3w i innych lokali w Krynicy Zdroju, Muszynie i okolicznych miejscowo\u015bciach. Krak\u00f3w Obs\u0142ugujemy lokale na terenie Krakowa i powiatu Krakowskiego. Zakopane i okolice \u015awiadczymy swoje us\u0142ugi tak\u017ce na terenie Zakopanego i okolic Dzia\u0142amy na terenie ca\u0142ej ma\u0142opolski Posiadasz lokal &hellip; Lokalizacje Read More &raquo;","og_url":"https:\/\/www.rentimi.pl\/index.php\/lokalizacje\/","og_site_name":"Rentimi.pl","article_modified_time":"2023-08-25T16:01:39+00:00","og_image":[{"url":"http:\/\/www.rentimi.pl\/wp-content\/uploads\/2022\/05\/swans-gd0716e674_1920.jpg"}],"twitter_card":"summary_large_image","twitter_misc":{"Szacowany czas czytania":"2 minuty"},"schema":{"@context":"https:\/\/schema.org","@graph":[{"@type":"WebPage","@id":"https:\/\/www.rentimi.pl\/index.php\/lokalizacje\/","url":"https:\/\/www.rentimi.pl\/index.php\/lokalizacje\/","name":"Lokalizacje - Rentimi.pl","isPartOf":{"@id":"https:\/\/www.rentimi.pl\/#website"},"primaryImageOfPage":{"@id":"https:\/\/www.rentimi.pl\/index.php\/lokalizacje\/#primaryimage"},"image":{"@id":"https:\/\/www.rentimi.pl\/index.php\/lokalizacje\/#primaryimage"},"thumbnailUrl":"http:\/\/www.rentimi.pl\/wp-content\/uploads\/2022\/05\/swans-gd0716e674_1920.jpg","datePublished":"2018-11-26T12:46:44+00:00","dateModified":"2023-08-25T16:01:39+00:00","breadcrumb":{"@id":"https:\/\/www.rentimi.pl\/index.php\/lokalizacje\/#breadcrumb"},"inLanguage":"pl-PL","potentialAction":[{"@type":"ReadAction","target":["https:\/\/www.rentimi.pl\/index.php\/lokalizacje\/"]}]},{"@type":"ImageObject","inLanguage":"pl-PL","@id":"https:\/\/www.rentimi.pl\/index.php\/lokalizacje\/#primaryimage","url":"http:\/\/www.rentimi.pl\/wp-content\/uploads\/2022\/05\/swans-gd0716e674_1920.jpg","contentUrl":"http:\/\/www.rentimi.pl\/wp-content\/uploads\/2022\/05\/swans-gd0716e674_1920.jpg"},{"@type":"BreadcrumbList","@id":"https:\/\/www.rentimi.pl\/index.php\/lokalizacje\/#breadcrumb","itemListElement":[{"@type":"ListItem","position":1,"name":"Strona g\u0142\u00f3wna","item":"https:\/\/www.rentimi.pl\/"},{"@type":"ListItem","position":2,"name":"Lokalizacje"}]},{"@type":"WebSite","@id":"https:\/\/www.rentimi.pl\/#website","url":"https:\/\/www.rentimi.pl\/","name":"Rentimi.pl","description":"Profesjonalne zarz\u0105dzanie apartamentami na wynajem. Zarz\u0105dzanie najmem. Sprz\u0105tanie. Obs\u0142uga cen. Krynica zdr&oacute;j, Zakopane, Krak&oacute;w, Ma\u0142opolska.","publisher":{"@id":"https:\/\/www.rentimi.pl\/#organization"},"potentialAction":[{"@type":"SearchAction","target":{"@type":"EntryPoint","urlTemplate":"https:\/\/www.rentimi.pl\/?s={search_term_string}"},"query-input":{"@type":"PropertyValueSpecification","valueRequired":true,"valueName":"search_term_string"}}],"inLanguage":"pl-PL"},{"@type":"Organization","@id":"https:\/\/www.rentimi.pl\/#organization","name":"Rentimi.pl","url":"https:\/\/www.rentimi.pl\/","logo":{"@type":"ImageObject","inLanguage":"pl-PL","@id":"https:\/\/www.rentimi.pl\/#\/schema\/logo\/image\/","url":"https:\/\/www.rentimi.pl\/wp-content\/uploads\/2022\/05\/RENTIMI-12.png","contentUrl":"https:\/\/www.rentimi.pl\/wp-content\/uploads\/2022\/05\/RENTIMI-12.png","width":500,"height":500,"caption":"Rentimi.pl"},"image":{"@id":"https:\/\/www.rentimi.pl\/#\/schema\/logo\/image\/"}}]}},"_links":{"self":[{"href":"https:\/\/www.rentimi.pl\/index.php\/wp-json\/wp\/v2\/pages\/593"}],"collection":[{"href":"https:\/\/www.rentimi.pl\/index.php\/wp-json\/wp\/v2\/pages"}],"about":[{"href":"https:\/\/www.rentimi.pl\/index.php\/wp-json\/wp\/v2\/types\/page"}],"author":[{"embeddable":true,"href":"https:\/\/www.rentimi.pl\/index.php\/wp-json\/wp\/v2\/users\/1"}],"replies":[{"embeddable":true,"href":"https:\/\/www.rentimi.pl\/index.php\/wp-json\/wp\/v2\/comments?post=593"}],"version-history":[{"count":36,"href":"https:\/\/www.rentimi.pl\/index.php\/wp-json\/wp\/v2\/pages\/593\/revisions"}],"predecessor-version":[{"id":835,"href":"https:\/\/www.rentimi.pl\/index.php\/wp-json\/wp\/v2\/pages\/593\/revisions\/835"}],"wp:attachment":[{"href":"https:\/\/www.rentimi.pl\/index.php\/wp-json\/wp\/v2\/media?parent=593"}],"curies":[{"name":"wp","href":"https:\/\/api.w.org\/{rel}","templated":true}]}}